{"id":9,"date":"2021-06-23T11:01:20","date_gmt":"2021-06-23T09:01:20","guid":{"rendered":"https:\/\/zlocistezacisze.pl\/sprzedaz\/?page_id=9"},"modified":"2023-03-21T11:24:42","modified_gmt":"2023-03-21T10:24:42","slug":"strona-glowna","status":"publish","type":"page","link":"https:\/\/zlocistezacisze.pl\/sprzedaz\/","title":{"rendered":"Strona g\u0142\u00f3wna"},"content":{"rendered":"","protected":false},"excerpt":{"rendered":"","protected":false},"author":1,"featured_media":98,"parent":0,"menu_order":0,"comment_status":"closed","ping_status":"closed","template":"","meta":[],"yoast_head":"<!-- This site is optimized with the Yoast SEO plugin v16.7 - https:\/\/yoast.com\/wordpress\/plugins\/seo\/ -->\n<title>Z\u0142ociste zacisze - Oferta sprzeda\u017cy obiektu<\/title>\n<meta name=\"description\" content=\"Oferta dotyczy sprzeda\u017cy 100% udzia\u0142\u00f3w w sp\u00f3\u0142ce Z\u0142ociste Zacisze z o.o. b\u0119d\u0105cej w\u0142a\u015bcicielem obiektu oraz wszystkich d\u00f3br materialnych i niematerialnych sk\u0142adaj\u0105cych si\u0119 na ten dochodowy biznes w miejscowo\u015bci Bobolin (Uzdrowisko D\u0105bki).\" \/>\n<meta name=\"robots\" content=\"index, follow, max-snippet:-1, max-image-preview:large, max-video-preview:-1\" \/>\n<link rel=\"canonical\" href=\"https:\/\/zlocistezacisze.pl\/sprzedaz\/\" \/>\n<meta property=\"og:locale\" content=\"pl_PL\" \/>\n<meta property=\"og:type\" content=\"article\" \/>\n<meta property=\"og:title\" content=\"Z\u0142ociste zacisze - Oferta sprzeda\u017cy obiektu\" \/>\n<meta property=\"og:description\" content=\"Oferta dotyczy sprzeda\u017cy 100% udzia\u0142\u00f3w w sp\u00f3\u0142ce Z\u0142ociste Zacisze z o.o. b\u0119d\u0105cej w\u0142a\u015bcicielem obiektu oraz wszystkich d\u00f3br materialnych i niematerialnych sk\u0142adaj\u0105cych si\u0119 na ten dochodowy biznes w miejscowo\u015bci Bobolin (Uzdrowisko D\u0105bki).\" \/>\n<meta property=\"og:url\" content=\"https:\/\/zlocistezacisze.pl\/sprzedaz\/\" \/>\n<meta property=\"og:site_name\" content=\"Z\u0142ociste Zacisze\" \/>\n<meta property=\"article:modified_time\" content=\"2023-03-21T10:24:42+00:00\" \/>\n<meta property=\"og:image\" content=\"https:\/\/zlocistezacisze.pl\/sprzedaz\/wp-content\/uploads\/2021\/07\/IMG_20210528_124150.jpg\" \/>\n\t<meta property=\"og:image:width\" content=\"1920\" \/>\n\t<meta property=\"og:image:height\" content=\"1080\" \/>\n<meta name=\"twitter:card\" content=\"summary_large_image\" \/>\n<script type=\"application\/ld+json\" class=\"yoast-schema-graph\">{\"@context\":\"https:\/\/schema.org\",\"@graph\":[{\"@type\":\"WebSite\",\"@id\":\"https:\/\/zlocistezacisze.pl\/sprzedaz\/#website\",\"url\":\"https:\/\/zlocistezacisze.pl\/sprzedaz\/\",\"name\":\"Z\\u0142ociste Zacisze\",\"description\":\"\",\"potentialAction\":[{\"@type\":\"SearchAction\",\"target\":{\"@type\":\"EntryPoint\",\"urlTemplate\":\"https:\/\/zlocistezacisze.pl\/sprzedaz\/?s={search_term_string}\"},\"query-input\":\"required name=search_term_string\"}],\"inLanguage\":\"pl-PL\"},{\"@type\":\"ImageObject\",\"@id\":\"https:\/\/zlocistezacisze.pl\/sprzedaz\/#primaryimage\",\"inLanguage\":\"pl-PL\",\"url\":\"https:\/\/zlocistezacisze.pl\/sprzedaz\/wp-content\/uploads\/2021\/07\/IMG_20210528_124150.jpg\",\"contentUrl\":\"https:\/\/zlocistezacisze.pl\/sprzedaz\/wp-content\/uploads\/2021\/07\/IMG_20210528_124150.jpg\",\"width\":1920,\"height\":1080},{\"@type\":\"WebPage\",\"@id\":\"https:\/\/zlocistezacisze.pl\/sprzedaz\/#webpage\",\"url\":\"https:\/\/zlocistezacisze.pl\/sprzedaz\/\",\"name\":\"Z\\u0142ociste zacisze - Oferta sprzeda\\u017cy obiektu\",\"isPartOf\":{\"@id\":\"https:\/\/zlocistezacisze.pl\/sprzedaz\/#website\"},\"primaryImageOfPage\":{\"@id\":\"https:\/\/zlocistezacisze.pl\/sprzedaz\/#primaryimage\"},\"datePublished\":\"2021-06-23T09:01:20+00:00\",\"dateModified\":\"2023-03-21T10:24:42+00:00\",\"description\":\"Oferta dotyczy sprzeda\\u017cy 100% udzia\\u0142\\u00f3w w sp\\u00f3\\u0142ce Z\\u0142ociste Zacisze z o.o. b\\u0119d\\u0105cej w\\u0142a\\u015bcicielem obiektu oraz wszystkich d\\u00f3br materialnych i niematerialnych sk\\u0142adaj\\u0105cych si\\u0119 na ten dochodowy biznes w miejscowo\\u015bci Bobolin (Uzdrowisko D\\u0105bki).\",\"breadcrumb\":{\"@id\":\"https:\/\/zlocistezacisze.pl\/sprzedaz\/#breadcrumb\"},\"inLanguage\":\"pl-PL\",\"potentialAction\":[{\"@type\":\"ReadAction\",\"target\":[\"https:\/\/zlocistezacisze.pl\/sprzedaz\/\"]}]},{\"@type\":\"BreadcrumbList\",\"@id\":\"https:\/\/zlocistezacisze.pl\/sprzedaz\/#breadcrumb\",\"itemListElement\":[{\"@type\":\"ListItem\",\"position\":1,\"name\":\"Strona g\\u0142\\u00f3wna\",\"item\":\"https:\/\/zlocistezacisze.pl\/sprzedaz\/\"},{\"@type\":\"ListItem\",\"position\":2,\"name\":\"Strona g\\u0142\\u00f3wna\"}]}]}<\/script>\n<!-- \/ Yoast SEO plugin. -->","yoast_head_json":{"title":"Z\u0142ociste zacisze - Oferta sprzeda\u017cy obiektu","description":"Oferta dotyczy sprzeda\u017cy 100% udzia\u0142\u00f3w w sp\u00f3\u0142ce Z\u0142ociste Zacisze z o.o. b\u0119d\u0105cej w\u0142a\u015bcicielem obiektu oraz wszystkich d\u00f3br materialnych i niematerialnych sk\u0142adaj\u0105cych si\u0119 na ten dochodowy biznes w miejscowo\u015bci Bobolin (Uzdrowisko D\u0105bki).","robots":{"index":"index","follow":"follow","max-snippet":"max-snippet:-1","max-image-preview":"max-image-preview:large","max-video-preview":"max-video-preview:-1"},"canonical":"https:\/\/zlocistezacisze.pl\/sprzedaz\/","og_locale":"pl_PL","og_type":"article","og_title":"Z\u0142ociste zacisze - Oferta sprzeda\u017cy obiektu","og_description":"Oferta dotyczy sprzeda\u017cy 100% udzia\u0142\u00f3w w sp\u00f3\u0142ce Z\u0142ociste Zacisze z o.o. b\u0119d\u0105cej w\u0142a\u015bcicielem obiektu oraz wszystkich d\u00f3br materialnych i niematerialnych sk\u0142adaj\u0105cych si\u0119 na ten dochodowy biznes w miejscowo\u015bci Bobolin (Uzdrowisko D\u0105bki).","og_url":"https:\/\/zlocistezacisze.pl\/sprzedaz\/","og_site_name":"Z\u0142ociste Zacisze","article_modified_time":"2023-03-21T10:24:42+00:00","og_image":[{"width":1920,"height":1080,"url":"https:\/\/zlocistezacisze.pl\/sprzedaz\/wp-content\/uploads\/2021\/07\/IMG_20210528_124150.jpg","path":"\/home\/klient.dhosting.pl\/akcept\/zlociste.you2.pl\/public_html\/sprzedaz\/wp-content\/uploads\/2021\/07\/IMG_20210528_124150.jpg","size":"full","id":98,"alt":"","pixels":2073600,"type":"image\/jpeg"}],"twitter_card":"summary_large_image","schema":{"@context":"https:\/\/schema.org","@graph":[{"@type":"WebSite","@id":"https:\/\/zlocistezacisze.pl\/sprzedaz\/#website","url":"https:\/\/zlocistezacisze.pl\/sprzedaz\/","name":"Z\u0142ociste Zacisze","description":"","potentialAction":[{"@type":"SearchAction","target":{"@type":"EntryPoint","urlTemplate":"https:\/\/zlocistezacisze.pl\/sprzedaz\/?s={search_term_string}"},"query-input":"required name=search_term_string"}],"inLanguage":"pl-PL"},{"@type":"ImageObject","@id":"https:\/\/zlocistezacisze.pl\/sprzedaz\/#primaryimage","inLanguage":"pl-PL","url":"https:\/\/zlocistezacisze.pl\/sprzedaz\/wp-content\/uploads\/2021\/07\/IMG_20210528_124150.jpg","contentUrl":"https:\/\/zlocistezacisze.pl\/sprzedaz\/wp-content\/uploads\/2021\/07\/IMG_20210528_124150.jpg","width":1920,"height":1080},{"@type":"WebPage","@id":"https:\/\/zlocistezacisze.pl\/sprzedaz\/#webpage","url":"https:\/\/zlocistezacisze.pl\/sprzedaz\/","name":"Z\u0142ociste zacisze - Oferta sprzeda\u017cy obiektu","isPartOf":{"@id":"https:\/\/zlocistezacisze.pl\/sprzedaz\/#website"},"primaryImageOfPage":{"@id":"https:\/\/zlocistezacisze.pl\/sprzedaz\/#primaryimage"},"datePublished":"2021-06-23T09:01:20+00:00","dateModified":"2023-03-21T10:24:42+00:00","description":"Oferta dotyczy sprzeda\u017cy 100% udzia\u0142\u00f3w w sp\u00f3\u0142ce Z\u0142ociste Zacisze z o.o. b\u0119d\u0105cej w\u0142a\u015bcicielem obiektu oraz wszystkich d\u00f3br materialnych i niematerialnych sk\u0142adaj\u0105cych si\u0119 na ten dochodowy biznes w miejscowo\u015bci Bobolin (Uzdrowisko D\u0105bki).","breadcrumb":{"@id":"https:\/\/zlocistezacisze.pl\/sprzedaz\/#breadcrumb"},"inLanguage":"pl-PL","potentialAction":[{"@type":"ReadAction","target":["https:\/\/zlocistezacisze.pl\/sprzedaz\/"]}]},{"@type":"BreadcrumbList","@id":"https:\/\/zlocistezacisze.pl\/sprzedaz\/#breadcrumb","itemListElement":[{"@type":"ListItem","position":1,"name":"Strona g\u0142\u00f3wna","item":"https:\/\/zlocistezacisze.pl\/sprzedaz\/"},{"@type":"ListItem","position":2,"name":"Strona g\u0142\u00f3wna"}]}]}},"_links":{"self":[{"href":"https:\/\/zlocistezacisze.pl\/sprzedaz\/wp-json\/wp\/v2\/pages\/9"}],"collection":[{"href":"https:\/\/zlocistezacisze.pl\/sprzedaz\/wp-json\/wp\/v2\/pages"}],"about":[{"href":"https:\/\/zlocistezacisze.pl\/sprzedaz\/wp-json\/wp\/v2\/types\/page"}],"author":[{"embeddable":true,"href":"https:\/\/zlocistezacisze.pl\/sprzedaz\/wp-json\/wp\/v2\/users\/1"}],"replies":[{"embeddable":true,"href":"https:\/\/zlocistezacisze.pl\/sprzedaz\/wp-json\/wp\/v2\/comments?post=9"}],"version-history":[{"count":3,"href":"https:\/\/zlocistezacisze.pl\/sprzedaz\/wp-json\/wp\/v2\/pages\/9\/revisions"}],"predecessor-version":[{"id":102,"href":"https:\/\/zlocistezacisze.pl\/sprzedaz\/wp-json\/wp\/v2\/pages\/9\/revisions\/102"}],"wp:featuredmedia":[{"embeddable":true,"href":"https:\/\/zlocistezacisze.pl\/sprzedaz\/wp-json\/wp\/v2\/media\/98"}],"wp:attachment":[{"href":"https:\/\/zlocistezacisze.pl\/sprzedaz\/wp-json\/wp\/v2\/media?parent=9"}],"curies":[{"name":"wp","href":"https:\/\/api.w.org\/{rel}","templated":true}]}}